{"id":3231,"date":"2025-11-08T18:22:07","date_gmt":"2025-11-08T18:22:07","guid":{"rendered":"https:\/\/staging.xn--blascoibezlibrary-epb81a.org\/noticias-y-eventos\/"},"modified":"2026-05-08T18:48:11","modified_gmt":"2026-05-08T18:48:11","slug":"noticias-y-eventos","status":"publish","type":"page","link":"https:\/\/staging.xn--blascoibezlibrary-epb81a.org\/es\/noticias-y-eventos\/","title":{"rendered":"Noticias y eventos"},"content":{"rendered":"\t\t<div data-elementor-type=\"wp-page\" data-elementor-id=\"3231\" class=\"elementor elementor-3231 elementor-22\" data-elementor-post-type=\"page\">\n\t\t\t\t<div data-particle_enable=\"false\" data-particle-mobile-disabled=\"false\" class=\"elementor-element elementor-element-dc8901c e-flex e-con-boxed e-con e-parent\" data-id=\"dc8901c\" data-element_type=\"container\" data-e-type=\"container\">\n\t\t\t\t\t<div class=\"e-con-inner\">\n\t\t\t\t<div class=\"elementor-element elementor-element-6f675c6 elementor-widget__width-inherit elementor-widget elementor-widget-text-editor\" data-id=\"6f675c6\" data-element_type=\"widget\" data-e-type=\"widget\" data-widget_type=\"text-editor.default\">\n\t\t\t\t<div class=\"elementor-widget-container\">\n\t\t\t\t\t\t\t\t\t<h2 data-start=\"64\" data-end=\"101\">La beca Blasco Ib\u00e1\u00f1ez, en primer plano<\/h2><p data-start=\"103\" data-end=\"444\">Explore ensayos, novedades de investigaci\u00f3n, hallazgos de archivo y noticias del programa de la iniciativa Blasco Ib\u00e1\u00f1ez de The University of Tulsa. Esta colecci\u00f3n de textos recorre las pervivencias literarias, pol\u00edticas, cinematogr\u00e1ficas y culturales de Vicente Blasco Ib\u00e1\u00f1ez, al tiempo que destaca a los investigadores, las colecciones y las conversaciones que impulsan hoy su estudio. <\/p><p data-start=\"446\" data-end=\"704\">Desde raras primeras ediciones y la historia de su recepci\u00f3n transatl\u00e1ntica hasta proyectos de investigadores visitantes y actividades de humanidades p\u00fablicas, el blog ofrece una ventana al creciente papel de TU como uno de los principales centros de EE. UU. para la investigaci\u00f3n sobre Blasco Ib\u00e1\u00f1ez.<\/p>\t\t\t\t\t\t\t\t<\/div>\n\t\t\t\t<\/div>\n\t\t\t\t\t<\/div>\n\t\t\t\t<\/div>\n\t\t<div data-particle_enable=\"false\" data-particle-mobile-disabled=\"false\" class=\"elementor-element elementor-element-e9b1bb0 e-flex e-con-boxed e-con e-parent\" data-id=\"e9b1bb0\" data-element_type=\"container\" data-e-type=\"container\" data-settings=\"{&quot;background_background&quot;:&quot;classic&quot;}\">\n\t\t\t\t\t<div class=\"e-con-inner\">\n\t\t<div data-particle_enable=\"false\" data-particle-mobile-disabled=\"false\" class=\"elementor-element elementor-element-d9e2940 e-con-full e-flex e-con e-child\" data-id=\"d9e2940\" data-element_type=\"container\" data-e-type=\"container\">\n\t\t\t\t<div class=\"elementor-element elementor-element-12ed253 elementor-widget elementor-widget-eael-post-list\" data-id=\"12ed253\" data-element_type=\"widget\" data-e-type=\"widget\" data-widget_type=\"eael-post-list.default\">\n\t\t\t\t<div class=\"elementor-widget-container\">\n\t\t\t\t\t<div class=\"eael-post-list-container default layout-default\"><div class=\"eael-post-list-header\"><div class=\"header-title\">\n                            <h2 class=\"title\">Entradas recientes<\/h2>\n                        <\/div><div class=\"post-categories eael-categories-layout-horizontal\" data-nonce=\"8f2bf09b18\" data-page-id=\"3231\" data-widget-id=\"12ed253\" data-widget=\"12ed253\" data-class=\"Essential_Addons_Elementor\\Pro\\Elements\\Post_List\" data-args=\"orderby=date&amp;order=desc&amp;ignore_sticky_posts=1&amp;post_status=publish&amp;posts_per_page=4&amp;offset=0&amp;post_type=post\" data-settings=\"eael_post_list_post_feature_image=yes&amp;eael_post_list_post_meta=yes&amp;eael_post_list_post_title=yes&amp;eael_post_list_post_excerpt=no&amp;eael_post_list_featured_area=yes&amp;eael_post_list_featured_meta=yes&amp;eael_post_list_featured_title=yes&amp;eael_post_list_featured_excerpt=no&amp;featured_posts=&amp;eael_post_list_pagination=navigation&amp;eael_post_list_layout_type=default&amp;eael_post_list_post_cat=&amp;eael_post_list_title_tag=h2&amp;eael_post_featured_image_size=large&amp;eael_post_list_show_last_modified=no\" data-page=\"1\" data-scroll-on-pagination=\"0\" data-scroll-offset=\"100\" data-template=\"{&quot;dir&quot;:&quot;pro&quot;,&quot;file_name&quot;:&quot;default.php&quot;,&quot;name&quot;:&quot;Post-List&quot;}\" data-breakpoints=\"{&quot;mobile&quot;:{&quot;label&quot;:&quot;M\\u00f3vil vertical&quot;,&quot;value&quot;:767,&quot;direction&quot;:&quot;max&quot;},&quot;mobile_extra&quot;:{&quot;label&quot;:&quot;M\\u00f3vil horizontal&quot;,&quot;value&quot;:880,&quot;direction&quot;:&quot;max&quot;},&quot;tablet&quot;:{&quot;label&quot;:&quot;Tableta vertical&quot;,&quot;value&quot;:1024,&quot;direction&quot;:&quot;max&quot;},&quot;tablet_extra&quot;:{&quot;label&quot;:&quot;Tableta horizontal&quot;,&quot;value&quot;:1200,&quot;direction&quot;:&quot;max&quot;},&quot;laptop&quot;:{&quot;label&quot;:&quot;Port\\u00e1til&quot;,&quot;value&quot;:1366,&quot;direction&quot;:&quot;max&quot;},&quot;widescreen&quot;:{&quot;label&quot;:&quot;Pantalla grande&quot;,&quot;value&quot;:2400,&quot;direction&quot;:&quot;min&quot;},&quot;desktop&quot;:{&quot;label&quot;:&quot;Desktop&quot;,&quot;value&quot;:1367,&quot;direction&quot;:&quot;min&quot;}}\" data-layout-settings=\"{&quot;mobile&quot;:&quot;vertical&quot;,&quot;mobile_extra&quot;:&quot;vertical&quot;,&quot;tablet&quot;:&quot;horizontal&quot;,&quot;tablet_extra&quot;:&quot;horizontal&quot;,&quot;laptop&quot;:&quot;horizontal&quot;,&quot;widescreen&quot;:&quot;horizontal&quot;,&quot;desktop&quot;:&quot;horizontal&quot;}\">\n                            <a href=\"javascript:;\" data-taxonomy=\"all\" data-id=\"\" class=\"active post-list-filter-item post-list-cat-12ed253\">Todas<\/a><\/div><\/div><div class=\"eael-post-list-wrap\"><p class=\"no-posts-found\">No posts found!<\/p><\/div>\n\t\t<\/div><div data-nonce=\"8f2bf09b18\" class=\"post-list-pagination\" data-widget-id=\"12ed253\" data-widget=\"12ed253\" data-page-id=\"3231\" data-class=\"Essential_Addons_Elementor\\Pro\\Elements\\Post_List\" data-args=\"orderby=date&amp;order=desc&amp;ignore_sticky_posts=1&amp;post_status=publish&amp;posts_per_page=4&amp;offset=0&amp;post_type=post\" data-settings=\"eael_post_list_post_feature_image=yes&amp;eael_post_list_post_meta=yes&amp;eael_post_list_post_title=yes&amp;eael_post_list_post_excerpt=no&amp;eael_post_list_featured_area=yes&amp;eael_post_list_featured_meta=yes&amp;eael_post_list_featured_title=yes&amp;eael_post_list_featured_excerpt=no&amp;featured_posts=&amp;eael_post_list_pagination=navigation&amp;eael_post_list_layout_type=default&amp;eael_post_list_post_cat=&amp;eael_post_list_title_tag=h2&amp;eael_post_featured_image_size=large&amp;eael_post_list_show_last_modified=no\" data-page=\"1\" data-scroll-on-pagination=\"0\" data-scroll-offset=\"100\" data-template=\"{&quot;dir&quot;:&quot;pro&quot;,&quot;file_name&quot;:&quot;default.php&quot;,&quot;name&quot;:&quot;Post-List&quot;}\">\n            <button class=\"btn btn-prev-post\" id=\"post-nav-prev-12ed253\" disabled=\"true\" aria-label=\"previous\"><i aria-hidden=\"true\" class=\"fas fa-angle-left\"><\/i><\/button><button class=\"btn btn-next-post\" id=\"post-nav-next-12ed253\" aria-label=\"next\"><i aria-hidden=\"true\" class=\"fas fa-angle-right\"><\/i><\/button>\n        <\/div>\t\t\t\t<\/div>\n\t\t\t\t<\/div>\n\t\t\t\t<\/div>\n\t\t\t\t\t<\/div>\n\t\t\t\t<\/div>\n\t\t\t\t<\/div>\n\t\t","protected":false},"excerpt":{"rendered":"<p>La beca Blasco Ib\u00e1\u00f1ez, en primer plano Explore ensayos, novedades de investigaci\u00f3n, hallazgos de archivo y noticias del programa de la iniciativa Blasco Ib\u00e1\u00f1ez de The University of Tulsa. Esta colecci\u00f3n de textos recorre las pervivencias literarias, pol\u00edticas, cinematogr\u00e1ficas y culturales de Vicente Blasco Ib\u00e1\u00f1ez, al tiempo que destaca a los investigadores, las colecciones y [&hellip;]<\/p>\n","protected":false},"author":1,"featured_media":0,"parent":0,"menu_order":0,"comment_status":"closed","ping_status":"closed","template":"","meta":{"footnotes":""},"class_list":["post-3231","page","type-page","status-publish","hentry"],"_links":{"self":[{"href":"https:\/\/staging.xn--blascoibezlibrary-epb81a.org\/es\/wp-json\/wp\/v2\/pages\/3231","targetHints":{"allow":["GET"]}}],"collection":[{"href":"https:\/\/staging.xn--blascoibezlibrary-epb81a.org\/es\/wp-json\/wp\/v2\/pages"}],"about":[{"href":"https:\/\/staging.xn--blascoibezlibrary-epb81a.org\/es\/wp-json\/wp\/v2\/types\/page"}],"author":[{"embeddable":true,"href":"https:\/\/staging.xn--blascoibezlibrary-epb81a.org\/es\/wp-json\/wp\/v2\/users\/1"}],"replies":[{"embeddable":true,"href":"https:\/\/staging.xn--blascoibezlibrary-epb81a.org\/es\/wp-json\/wp\/v2\/comments?post=3231"}],"version-history":[{"count":1,"href":"https:\/\/staging.xn--blascoibezlibrary-epb81a.org\/es\/wp-json\/wp\/v2\/pages\/3231\/revisions"}],"predecessor-version":[{"id":3232,"href":"https:\/\/staging.xn--blascoibezlibrary-epb81a.org\/es\/wp-json\/wp\/v2\/pages\/3231\/revisions\/3232"}],"wp:attachment":[{"href":"https:\/\/staging.xn--blascoibezlibrary-epb81a.org\/es\/wp-json\/wp\/v2\/media?parent=3231"}],"curies":[{"name":"wp","href":"https:\/\/api.w.org\/{rel}","templated":true}]}}